{"id":457,"date":"2022-05-16T09:59:03","date_gmt":"2022-05-16T07:59:03","guid":{"rendered":"http:\/\/carolst.cluster031.hosting.ovh.net\/?page_id=457"},"modified":"2025-06-24T14:43:51","modified_gmt":"2025-06-24T12:43:51","slug":"biographie","status":"publish","type":"page","link":"https:\/\/www.caroline-mereau.fr\/index.php\/biographie\/","title":{"rendered":"Biographie"},"content":{"rendered":"\n<p class=\"has-text-align-center\"><strong>Caroline M\u00e9reau ,  professeur de danse dipl\u00f4m\u00e9e d&rsquo;\u00e9tat,  m\u00e9daill\u00e9e d&rsquo;or du CNR de Cergy Pr\u00e9fecture. <\/strong><\/p>\n\n\n\n<div class=\"wp-block-group alignfull is-vertical is-content-justification-center is-layout-flex wp-container-core-group-is-layout-73a99bce wp-block-group-is-layout-flex\">\n<div class=\"wp-block-columns alignfull are-vertically-aligned-center is-layout-flex wp-container-core-columns-is-layout-9d6595d7 wp-block-columns-is-layout-flex\">\n<div class=\"wp-block-column is-vertically-aligned-center is-layout-flow wp-block-column-is-layout-flow\"><style>.kb-image457_f43fb4-bb.kb-image-is-ratio-size, .kb-image457_f43fb4-bb .kb-image-is-ratio-size{max-width:480px;width:100%;}.wp-block-kadence-column > .kt-inside-inner-col > .kb-image457_f43fb4-bb.kb-image-is-ratio-size, .wp-block-kadence-column > .kt-inside-inner-col > .kb-image457_f43fb4-bb .kb-image-is-ratio-size{align-self:unset;}.kb-image457_f43fb4-bb figure{max-width:480px;}.kb-image457_f43fb4-bb .image-is-svg, .kb-image457_f43fb4-bb .image-is-svg img{width:100%;}.kb-image457_f43fb4-bb .kb-image-has-overlay:after{opacity:0.3;}<\/style>\n<div class=\"wp-block-kadence-image kb-image457_f43fb4-bb\"><figure class=\"aligncenter size-large\"><img fetchpriority=\"high\" decoding=\"async\" width=\"576\" height=\"1024\" src=\"https:\/\/www.caroline-mereau.fr\/wp-content\/uploads\/2022\/06\/dance-4725781_1920-576x1024.jpg\" alt=\"\" class=\"kb-img wp-image-717\" srcset=\"https:\/\/www.caroline-mereau.fr\/wp-content\/uploads\/2022\/06\/dance-4725781_1920-576x1024.jpg 576w, https:\/\/www.caroline-mereau.fr\/wp-content\/uploads\/2022\/06\/dance-4725781_1920-169x300.jpg 169w, https:\/\/www.caroline-mereau.fr\/wp-content\/uploads\/2022\/06\/dance-4725781_1920-768x1365.jpg 768w, https:\/\/www.caroline-mereau.fr\/wp-content\/uploads\/2022\/06\/dance-4725781_1920-864x1536.jpg 864w, https:\/\/www.caroline-mereau.fr\/wp-content\/uploads\/2022\/06\/dance-4725781_1920.jpg 1080w\" sizes=\"(max-width: 576px) 100vw, 576px\" \/><\/figure><\/div>\n<\/div>\n<\/div>\n<\/div>\n\n\n\n<p class=\"has-text-align-center\"><strong>Je vous propose de vous aider dans votre danse de bal pour votre mariage<\/strong><span style=\"color: var(--global-palette4); font-family: Raleway, var(--global-fallback-font); font-size: revert;\">. <\/span><\/p>\n\n\n\n<p class=\"has-text-align-center\"><strong>J\u2019int\u00e8gre L\u2019European dance center Paris dirig\u00e9 par Mme Yvonne Goub\u00e9. <\/strong><\/p>\n\n\n\n<p class=\"has-text-align-center\"><strong>Je fais mes classes en danse classique avec Jennifer Goub\u00e9, Stephan Prince et en danse modern\u2019jazz avec Milard Hurley. J\u2019int\u00e8gre par la suite l\u2019IFPRO dirig\u00e9 par Rick Odums en danse jazz et suis les classes d\u2019Isabelle Riddez, Juan Giuliano, Edward Arckless en danse classique. <\/strong><\/p>\n\n\n\n<p class=\"has-text-align-center\"><strong>Parall\u00e8lement, je suis le cursus en danse jazz au sein du conservatoire national de r\u00e9gion de Cergy Pontoise o\u00f9 j\u2019obtiens \u00e0 l\u2019unanimit\u00e9 la m\u00e9daille d\u2019or en 2003. <\/strong><\/p>\n\n\n\n<p class=\"has-text-align-center\"><strong>Pour finir mon cursus UV p\u00e9dagogique jazz, je vais au Centre national de la danse finaliser mon apprentissage aupr\u00e8s de Jacques Alberca, Agn\u00e8s Bretel, Sophie Ardillon, Sophie Duhamel. <\/strong><\/p>\n\n\n\n<p class=\"has-text-align-center\"><strong>J\u2019obtiens mon dipl\u00f4me d\u2019\u00e9tat de professeur de danse jazz en 2005. <\/strong><\/p>\n\n\n\n<p class=\"has-text-align-center\"><strong>Ma passion pour la transmission me pousse \u00e0 enseigner.<\/strong><\/p>\n","protected":false},"excerpt":{"rendered":"<p>Caroline M\u00e9reau , professeur de danse dipl\u00f4m\u00e9e d&rsquo;\u00e9tat, m\u00e9daill\u00e9e d&rsquo;or du CNR de Cergy Pr\u00e9fecture. Je vous propose de vous aider dans votre danse de bal pour votre mariage. J\u2019int\u00e8gre L\u2019European dance center Paris dirig\u00e9 par Mme Yvonne Goub\u00e9. Je fais mes classes en danse classique avec Jennifer Goub\u00e9, Stephan Prince et en danse modern\u2019jazz&#8230;<\/p>\n","protected":false},"author":1,"featured_media":0,"parent":0,"menu_order":0,"comment_status":"closed","ping_status":"closed","template":"","meta":{"_kadence_starter_templates_imported_post":false,"_kad_post_transparent":"","_kad_post_title":"","_kad_post_layout":"","_kad_post_sidebar_id":"","_kad_post_content_style":"","_kad_post_vertical_padding":"","_kad_post_feature":"","_kad_post_feature_position":"","_kad_post_header":false,"_kad_post_footer":false,"footnotes":""},"class_list":["post-457","page","type-page","status-publish","hentry"],"_links":{"self":[{"href":"https:\/\/www.caroline-mereau.fr\/index.php\/wp-json\/wp\/v2\/pages\/457","targetHints":{"allow":["GET"]}}],"collection":[{"href":"https:\/\/www.caroline-mereau.fr\/index.php\/wp-json\/wp\/v2\/pages"}],"about":[{"href":"https:\/\/www.caroline-mereau.fr\/index.php\/wp-json\/wp\/v2\/types\/page"}],"author":[{"embeddable":true,"href":"https:\/\/www.caroline-mereau.fr\/index.php\/wp-json\/wp\/v2\/users\/1"}],"replies":[{"embeddable":true,"href":"https:\/\/www.caroline-mereau.fr\/index.php\/wp-json\/wp\/v2\/comments?post=457"}],"version-history":[{"count":32,"href":"https:\/\/www.caroline-mereau.fr\/index.php\/wp-json\/wp\/v2\/pages\/457\/revisions"}],"predecessor-version":[{"id":1040,"href":"https:\/\/www.caroline-mereau.fr\/index.php\/wp-json\/wp\/v2\/pages\/457\/revisions\/1040"}],"wp:attachment":[{"href":"https:\/\/www.caroline-mereau.fr\/index.php\/wp-json\/wp\/v2\/media?parent=457"}],"curies":[{"name":"wp","href":"https:\/\/api.w.org\/{rel}","templated":true}]}}